{"id":13,"date":"2023-09-22T09:52:06","date_gmt":"2023-09-22T07:52:06","guid":{"rendered":"https:\/\/pixonauts.com\/mockup-ltgk-facelift\/?page_id=13"},"modified":"2025-07-28T09:51:11","modified_gmt":"2025-07-28T07:51:11","slug":"imprint","status":"publish","type":"page","link":"https:\/\/ltgk.de\/en\/imprint\/","title":{"rendered":"Imprint"},"content":{"rendered":"<p><strong>L\u00fcbeck-Travem\u00fcnder Golf-Klub von 1921 e.V.<\/strong><br \/>\nKowitzberg 41<br \/>\n23570 L\u00fcbeck-Travem\u00fcnde<\/p>\n<p>Telefon: +49 (0)4502 74018<br \/>\nTelefax: +49 (0)4502 8869568<br \/>\nE-Mail: info@ltgk.de<\/p>\n<p>Vertretungsberechtigt: Bernd Aido (Pr\u00e4sident)<br \/>\nAnsprechpartner und Redaktion der Website: Simon A. Selby<\/p>\n<p>Registergericht: Amtsgericht L\u00fcbeck<br \/>\nRegisternummer: VR 1052<br \/>\nUmsatzsteuer-Identifikationsnummer: DE 135 131 271<br \/>\nSteuer-Nr.: FA L\u00fcbeck 22 290 72092<br \/>\nBankverbindung<\/p>\n<p>Deutsche Bank L\u00fcbeck AG<br \/>\nBIC: DEUTDEDB237<br \/>\nIBAN: DE 02 2307 0700 0290 1114 00<\/p>\n<p><strong>Ausf\u00fchrende Werbeagentur<\/strong><\/p>\n<p>Selby &amp; Co Werbeagentur GmbH<br \/>\nJungfrauenthal 14<br \/>\n20149 Hamburg<\/p>\n<p>Telefon: 040 39821-0<br \/>\nE-Mail: mail@selbyco.com<br \/>\nWeb: <a href=\"https:\/\/selbyco.com\/\" target=\"_blank\" rel=\"noopener\">selbyco.com<\/a><\/p>\n","protected":false},"excerpt":{"rendered":"<p>L\u00fcbeck-Travem\u00fcnder Golf-Klub von 1921 e.V. Kowitzberg 41 23570 L\u00fcbeck-Travem\u00fcnde Telefon: +49 (0)4502 [&hellip;]<\/p>\n","protected":false},"author":2,"featured_media":0,"parent":0,"menu_order":30,"comment_status":"closed","ping_status":"closed","template":"","meta":{"_acf_changed":false,"footnotes":""},"class_list":["post-13","page","type-page","status-publish","hentry"],"acf":[],"_links":{"self":[{"href":"https:\/\/ltgk.de\/en\/wp-json\/wp\/v2\/pages\/13","targetHints":{"allow":["GET"]}}],"collection":[{"href":"https:\/\/ltgk.de\/en\/wp-json\/wp\/v2\/pages"}],"about":[{"href":"https:\/\/ltgk.de\/en\/wp-json\/wp\/v2\/types\/page"}],"author":[{"embeddable":true,"href":"https:\/\/ltgk.de\/en\/wp-json\/wp\/v2\/users\/2"}],"replies":[{"embeddable":true,"href":"https:\/\/ltgk.de\/en\/wp-json\/wp\/v2\/comments?post=13"}],"version-history":[{"count":3,"href":"https:\/\/ltgk.de\/en\/wp-json\/wp\/v2\/pages\/13\/revisions"}],"predecessor-version":[{"id":1007,"href":"https:\/\/ltgk.de\/en\/wp-json\/wp\/v2\/pages\/13\/revisions\/1007"}],"wp:attachment":[{"href":"https:\/\/ltgk.de\/en\/wp-json\/wp\/v2\/media?parent=13"}],"curies":[{"name":"wp","href":"https:\/\/api.w.org\/{rel}","templated":true}]}}