{"id":168,"date":"2023-09-26T09:21:16","date_gmt":"2023-09-26T07:21:16","guid":{"rendered":"https:\/\/pixonauts.com\/mockup-ltgk-facelift\/?page_id=168"},"modified":"2025-07-28T09:51:11","modified_gmt":"2025-07-28T07:51:11","slug":"competition-rules","status":"publish","type":"page","link":"https:\/\/ltgk.de\/en\/competition-rules\/","title":{"rendered":"Competition rules"},"content":{"rendered":"<h5>Rahmenausschreibung\/Wettspielordnung f\u00fcr Wettspiele des L\u00dcBECK-TRAVEM\u00dcNDER GOLF-KLUB VON 1921 E.V.<\/h5>\n<p><strong>1. Spielbedingungen<br \/>\n<\/strong>Gespielt wird nach den offiziellen Golfregeln (einschl. Amateurstatut) des Deutschen Golf Verbands e.V (DGV) sowie nach den Platzregeln des L\u00fcbeck-Travem\u00fcnder Golf-Klubs. Die Wettspiele werden nach dem World Handicap System ausgerichtet.<br \/>\nAlle DGV-Regelungen k\u00f6nnen im Sekretariat des LTGK eingesehen werden. Platzregeln werden per Aushang bekannt gemacht.<\/p>\n<p><strong>2. Teilnahmeberechtigung<\/strong><br \/>\nZur Teilnahme an Wettspielen berechtigt sind Mitglieder eines dem DGV angeschlossenen Vereins sowie Mitglieder anerkannter in- und ausl\u00e4ndischer Golfclubs mit einem wirksam zugeteilten World Handicap Index. VcG-Mitglieder und Spieler ohne Regional-Kennzeichnung zahlen einen Aufschlag zum genannten Turnier-Greenfee. Die H\u00f6he des Aufschlags erfragen Sie bitte im Sekretariat.<\/p>\n<p><strong>3. Ausschreibung<br \/>\n<\/strong>Wettspiele werden durch Ausschreibung bestimmt, in der das Datum, der Wettspielbeginn, der Wettspielmodus und die Vorgabewirksamkeit, die Abschl\u00e4ge, bei Bedarf Vorgaben- und Teilnehmerbegrenzungen, die Meldegeb\u00fchren f\u00fcr Mitglieder und G\u00e4ste, der Meldeschluss, die Preisklassen. Die Personen der Spielleitung werden nach Meldeschluss festgesetzt. Die Ausschreibungen werden durch Aushang im Clubhaus und auch im Internet sowohl im Wettspielkalender des L\u00fcbeck-Travem\u00fcnder Golf-Klubs bekanntgegeben. Weichen einzelne Bestimmungen einer Ausschreibung von denjenigen dieser Rahmenausschreibung ab, so gilt die Einzelausschreibung. Die Spielleitung beh\u00e4lt sich bis zum Wettspielstart \u00c4nderungen der Ausschreibung vor. Ma\u00dfgebend ist der aktuelle Aushang im Clubhaus am Wettspieltag. Nach dem 1. Start sind \u00c4nderungen der Ausschreibung nur bei Vorliegen au\u00dfergew\u00f6hnlicher Umst\u00e4nde zul\u00e4ssig.<\/p>\n<p><strong>4. Meldung<br \/>\n<\/strong>Meldungen f\u00fcr Wettspiele k\u00f6nnen \u00fcber das PC Caddie-System auf unserer Webseite unter der Navigation \u201eTurniere\u201c vorgenommen werden oder per Telefon und Email erfolgen. Letztere werden ohne Gew\u00e4hr entgegengenommen. Meldungen k\u00f6nnen fr\u00fchestens zwei Monate vor dem jeweiligen Wettspiel abgegeben werden. Die Ausschreibungen nennen das jeweilige Datum. Ist das Teilnehmerfeld begrenzt, werden die Meldungen nach Eingangsdatum und Uhrzeit ber\u00fccksichtigt. Gegebenenfalls werden Wartelisten gef\u00fchrt. Turniermeldungen k\u00f6nnen bis zum Meldeschluss storniert werden. Bei sp\u00e4terer Abmeldung oder Nichterscheinen ist das Nenngeld zu entrichten<\/p>\n<p><strong>5. Startliste<br \/>\n<\/strong>Nach Meldeschluss wird die Startliste erstellt und rechtzeitig ausgeh\u00e4ngt. Das Starterfeld wird \u2013 wenn m\u00f6glich \u2013 au\u00dferdem per SMS benachrichtigt bzw. kann im Internet eingesehen werden (PC Caddie). Das Starterfeld wird vom Sekretariat in Abstimmung mit der Spielleitung und gegebenenfalls den Sponsoren festgelegt. In Ausnahmef\u00e4llen kann die Wettspielleitung den ausgeschriebenen Startbeginn ver\u00e4ndern.<\/p>\n<p><strong>6. Zul\u00e4ssiges Equipment<br \/>\n<\/strong>Der Spielball eines Wettspielteilnehmers muss der Spezifikation des aktuell g\u00fcltigen Verzeichnisses m\u00f6glicher B\u00e4lle des The Royal &amp; Ancient Golf Club of St. Andrews entsprechen. Schl\u00e4ger, Putter etc. m\u00fcssen dem offiziellen Regelwerk (DGV-Hardcard) des DGV entsprechen, dies sicherzustellen, liegt allein in der Verantwortung des Spielers.<br \/>\nEntfernungsmesser sind \u2013soweit nicht anders geregelt- zugelassen, sofern sie keine weiteren Entscheidungshilfen bieten. Diesbez\u00fcglich gelten ebenfalls die Regelungen der DGV-Hardcard.<br \/>\nElektronische Kommunikationsmittel (sende- und empfangsbereit) sind w\u00e4hrend des Wettspiels grunds\u00e4tzlich auszuschalten und d\u00fcrfen nur in Notf\u00e4llen genutzt werden. Apps, die ausschlie\u00dflich der Entfernungsmessung dienen, sind zugelassen.<br \/>\nStrafe f\u00fcr den 1. Versto\u00df: 2 Strafschl\u00e4ge<br \/>\nStrafe f\u00fcr den 2. Versto\u00df: Disqualifikation<\/p>\n<p><strong>7. Nutzung von motorgetriebenen Golf-Carts<br \/>\n<\/strong>Die Spielleitung kann die Nutzung von Golf-Carts in Einzelf\u00e4llen gestatten, wenn bei k\u00f6rperlicher Behinderung der Spielerin\/des Spielers die Teilnahme am Wettspiel ohne Cart nicht m\u00f6glich ist. Auf Anforderung ist ein \u00e4rztliches Attest beizubringen. Die Zuteilung klubeigener Carts erfolgt in der Reihenfolge der eingehenden Reservierungen.<\/p>\n<p><strong>8. Wettspielleitung\/Starter\/Platzrichter<br \/>\n<\/strong>Wettspielleiter\/Starter werden f\u00fcr jedes Wettspiel im Einzelnen benannt und sorgen f\u00fcr die ordnungsgem\u00e4\u00dfe Durchf\u00fchrung. Sie k\u00f6nnen im Bedarfsfall Abspielzeiten ver\u00e4ndern oder Spielergruppen umstellen. Platzrichter und Starter handeln im Auftrag der Wettspielleitung.<\/p>\n<p><strong>9. Versp\u00e4tetes Erscheinen\/Abspielzeit<br \/>\n<\/strong>Jeder Spieler sollte 5 Minuten vor seiner Abspielzeit im Abspielbereich seines Abschlags erscheinen.<\/p>\n<p><strong>10. Unterbrechung des Spiels<br \/>\n<\/strong>Sieht sich die Spielleitung gezwungen, ein Wettspiel zu unterbrechen, erfolgt dies nach Regel 5.7b. Es gelten die dort aufgef\u00fchrten Pflichten des Spielers und bei Versto\u00df die genannten Strafen. Folgende Signalt\u00f6ne sind zu beachten:<\/p>\n<p>Langer Signalton: sofortige Unterbrechung wegen Gefahr<br \/>\nWiederholt drei Signalt\u00f6ne: sonstige Spielunterbrechung<br \/>\nWiederholt zwei kurze Signalt\u00f6ne: Wiederaufnahme<\/p>\n<p>Es liegt jederzeit im eigenen Ermessen des Spielers, bei Blitzgefahr das Spiel zu unterbrechen. Diese Unterbrechung muss der Spieler der Spielleitung melden. Erfolgt jedoch danach keine Spielunterbrechung durch die Spielleitung, muss der Spieler sein Spiel unverz\u00fcglich wieder aufnehmen, ansonsten muss er disqualifiziert werden. Hat die Spielleitung das Spiel wegen Gefahr unterbrochen, so sind auch alle \u00dcbungsfl\u00e4chen gesperrt. Strafe bei Versto\u00df: Disqualifikation. (Regel 5.7)<\/p>\n<p>Standorte der Schutzh\u00fctten:<\/p>\n<table>\n<thead>\n<tr>\n<th>Schutzh\u00fctten<\/th>\n<th>Zugang von<\/th>\n<\/tr>\n<\/thead>\n<tbody>\n<tr>\n<td>Bahn 4, rechts am Knick<\/td>\n<td>Bahnen 3, 4; 6. Gr\u00fcn<\/td>\n<\/tr>\n<tr>\n<td>7. Gr\u00fcn\/8. Abschlag<\/td>\n<td>Bahnen 7, 8, 12; 9. Abschlag<\/td>\n<\/tr>\n<tr>\n<td>Hinter 6. Herrenabschlag<\/td>\n<td>Bahnen 5, 6, 13 und 14<\/td>\n<\/tr>\n<tr>\n<td>Halfwayhouse 10. Abschlag (dort auch WC)<\/td>\n<td>Bahnen 9, 10 und 11<\/td>\n<\/tr>\n<tr>\n<td>Mitte 10. Fairway rechts<\/td>\n<td>Bahnen 10, 16 und 17<\/td>\n<\/tr>\n<tr>\n<td>15. Gr\u00fcn, rechts<\/td>\n<td>Bahnen 15 und 16<\/td>\n<\/tr>\n<tr>\n<td>Hinter 17. Gr\u00fcn (im Wald)<\/td>\n<td>Bahnen 1, 17 und 18. Abschlag<\/td>\n<\/tr>\n<tr>\n<td>Hinter 24. Gr\u00fcn<\/td>\n<td>Bahnen 22, 23 und 24<\/td>\n<\/tr>\n<tr>\n<td>N\u00e4he 26. Damenabschlag<\/td>\n<td>Bahnen 21, 25 und 26<\/td>\n<\/tr>\n<tr>\n<td>Rechts vom 27. Damenabschlag<\/td>\n<td>Bahnen 20, 21 und 27<\/td>\n<\/tr>\n<\/tbody>\n<\/table>\n<p><strong>11. Unsportliches Verhalten, Versto\u00df gegen die Etikette<br \/>\n<\/strong>Verh\u00e4lt sich ein Spieler unsportlich oder grob unsportlich, so kann der Vorstand gegen den Spieler folgende Sanktionen verh\u00e4ngen: a) Verwarnung, b) Auflagen, c) befristete oder dauernde Sperre f\u00fcr Wettspiele des L\u00fcbeck-Travem\u00fcnder Golf-Klubs, d) Strafschl\u00e4ge. Grob unsportliches Verhalten liegt vor, wenn gegen traditionell herausgebildete und allgemein anerkannte Verhaltensregeln beim Golfsport versto\u00dfen wird (vors\u00e4tzlicher Versto\u00df gegen Regeln oder Etikette, unentschuldigtes Nichtantreten bei einem Wettspiel, Manipulation eines Wettspielergebnisses etc.) oder der Sportbetrieb oder andere Spieler nicht hinnehmbare Nachteile oder Beeintr\u00e4chtigungen erleiden. Im Falle eines schwerwiegenden Versto\u00dfes gegen die Etikette kann die Spielleitung den Spieler ungeachtet der genannten Regelung nach Regel 1.2b disqualifizieren.<\/p>\n<p><strong>12. Unangemessene Verz\u00f6gerung, langsames Spiel (Regel 5.6b)<br \/>\n<\/strong>Hat eine Spielergruppe nach Auffassung der Spielleitung den Anschluss an die vorangehende Spielergruppe verloren oder hat sie, falls Richtzeiten zum Spielen eines oder mehrerer L\u00f6cher vorgegeben sind, mehr Zeit als die Richtzeit ben\u00f6tigt, wird die Spielergruppe ermahnt. Wird danach eine Verbesserung des Spieltempos nicht festgestellt, wird der Spielergruppe mitgeteilt, dass ab sofort f\u00fcr jeden einzelnen Spieler eine Zeitnahme durchgef\u00fchrt wird.<br \/>\nDie Zeitnahme beginnt, wenn der Spieler mit seinem Schlag an der Reihe ist. \u00dcberschreitet ein Spieler die Zeit von 40 Sekunden f\u00fcr die Ausf\u00fchrung des Schlags, gilt dies als Versto\u00df gegen Regel 5.6b.<br \/>\nStrafschl\u00e4ge werden an dem Loch hinzugerechnet, an dem der Versto\u00df begangen wird. Versto\u00df im Z\u00e4hlspiel mit 1 Strafschlag bestraft, im Lochspiel mit Lochverlust, bei einem weiteren Versto\u00df im Z\u00e4hlspiel mit 2 Strafschl\u00e4gen, danach mit Disqualifikation.<br \/>\nBei Wettspielen nach Stableford oder Gegen Par ist ausdr\u00fccklich erw\u00fcnscht, dass ein Spieler seinen Ball aufnimmt, sobald er keinen Punkt mehr erzielen oder das Loch nicht mehr gewinnen kann.<br \/>\nZus\u00e4tzlich zu dieser Regelung werden alle Spieler aufgefordert, auf sichere und verantwortungsvolle Art und Weise \u201eReady Golf\u201c zu spielen (<a href=\"https:\/\/www.golf.de\/readygolf\" target=\"_blank\" rel=\"noopener\">www.golf.de\/readygolf<\/a>). Regel 5.6b<\/p>\n<p><strong>13. Ball bewegt (Regel 13.1d)<br \/>\n<\/strong>Liegt der Ball eines Spielers auf dem Gr\u00fcn, ist es straflos, wenn der Ball oder Ballmarker unabsichtlich durch den Spieler, seinen Partner, seinen Gegner oder einen ihrer Caddies oder ihre Ausr\u00fcstung bewegt wird.<br \/>\nDer bewegte Ball oder Ballmarker muss zur\u00fcckgelegt werden.<br \/>\nWird festgestellt, dass der Ball des Spielers auf dem Gr\u00fcn durch Wind, Wasser oder irgendeine andere nat\u00fcrliche Ursache, wie zum Beispiel die Schwerkraft, bewegt wurde, muss der Ball vom neuen Ort gespielt werden, wenn er noch nicht aufgenommen worden war. Ein Ballmarker wird zur\u00fcckgelegt, wenn er unter diesen Umst\u00e4nden bewegt wurde.<\/p>\n<p><strong>14. Entscheidung bei gleichen Ergebnissen (Stechen)<br \/>\n<\/strong>Bei Gleichstand von Ergebnissen gilt bei Wettspielen des LTGK folgende grunds\u00e4tzliche Regelung:<br \/>\nStechen im Z\u00e4hlspiel:<br \/>\nDas Stechen erfolgt unter Zugrundelegung von neun der gespielten L\u00f6cher, deren Auswahl nach dem Schwierigkeitsgrad entsprechend der Vorgabenverteilung (schwere, leichte L\u00f6cher) erfolgt (1, 18, 3, 16, 5, 14, 7, 12, 9). Bei weiterem Gleichstand z\u00e4hlen die 6 L\u00f6cher mit dem Schwierigkeitsgrad 1, 18, 3, 16, 5, 14 danach 1, 18, 3 und schlie\u00dflich das schwerste Loch.<br \/>\nStechen im Lochspiel:<br \/>\nWird jeweils \u00fcber die Ausschreibung geregelt.<\/p>\n<p><strong>15. Abgeben der Scorekarte<br \/>\n<\/strong>Die Scorekarten sind unverz\u00fcglich nach Ende der Spielrunde und Abgleich im Sekretariat\/Spielleitung einzureichen. Die Scorekarte eines Spielers gilt als abgegeben, wenn sie bei der Spielleitung\/Sekretariat eingereicht worden ist und der Spieler die Scoring-Area verl\u00e4sst.<\/p>\n<p><strong>16. Beendigung des Wettspiels<br \/>\n<\/strong>Ein Wettspiel ist beendet, wenn die Spielleitung das Ergebnis in der Siegerehrung offiziell bekannt gegeben hat.<\/p>\n<p><strong>17. Datenschutz<br \/>\n<\/strong>\u201eMir ist bekannt, dass mein Name, meine Vorgabe und meine Startzeit auf der Startliste passwortgesch\u00fctzt im Internet ver\u00f6ffentlicht werden.<br \/>\nMit der Meldung zum Wettspiel willige ich auch in die Ver\u00f6ffentlichung meines Namens, meines Bildes, meiner Vorgabe und meines Wettspielergebnisses in einer Ergebnisliste im Internet oder auch in gedruckter Form ein.\u201c<\/p>\n<p><strong>18. Inkrafttreten<br \/>\n<\/strong>Diese Rahmenausschreibung\/Wettspielordnung trat im Mai 2018 in Kraft und wurde aktualisiert im Februar 2023.<\/p>\n<p>Spielausschuss LTGK im Februar 2023<\/p>\n","protected":false},"excerpt":{"rendered":"<p>Rahmenausschreibung\/Wettspielordnung f\u00fcr Wettspiele des L\u00dcBECK-TRAVEM\u00dcNDER GOLF-KLUB VON 1921 E.V. 1. Spielbedingungen Gespielt [&hellip;]<\/p>\n","protected":false},"author":2,"featured_media":0,"parent":0,"menu_order":25,"comment_status":"closed","ping_status":"closed","template":"","meta":{"_acf_changed":false,"footnotes":""},"class_list":["post-168","page","type-page","status-publish","hentry"],"acf":[],"_links":{"self":[{"href":"https:\/\/ltgk.de\/en\/wp-json\/wp\/v2\/pages\/168","targetHints":{"allow":["GET"]}}],"collection":[{"href":"https:\/\/ltgk.de\/en\/wp-json\/wp\/v2\/pages"}],"about":[{"href":"https:\/\/ltgk.de\/en\/wp-json\/wp\/v2\/types\/page"}],"author":[{"embeddable":true,"href":"https:\/\/ltgk.de\/en\/wp-json\/wp\/v2\/users\/2"}],"replies":[{"embeddable":true,"href":"https:\/\/ltgk.de\/en\/wp-json\/wp\/v2\/comments?post=168"}],"version-history":[{"count":6,"href":"https:\/\/ltgk.de\/en\/wp-json\/wp\/v2\/pages\/168\/revisions"}],"predecessor-version":[{"id":1028,"href":"https:\/\/ltgk.de\/en\/wp-json\/wp\/v2\/pages\/168\/revisions\/1028"}],"wp:attachment":[{"href":"https:\/\/ltgk.de\/en\/wp-json\/wp\/v2\/media?parent=168"}],"curies":[{"name":"wp","href":"https:\/\/api.w.org\/{rel}","templated":true}]}}