{"id":572,"date":"2023-10-17T10:44:20","date_gmt":"2023-10-17T08:44:20","guid":{"rendered":"https:\/\/pixonauts.com\/mockup-ltgk-facelift\/?page_id=572"},"modified":"2025-07-28T09:51:11","modified_gmt":"2025-07-28T07:51:11","slug":"club-fitting","status":"publish","type":"page","link":"https:\/\/ltgk.de\/en\/club-fitting\/","title":{"rendered":"Club-Fitting"},"content":{"rendered":"<h2>SMG Golf Fitting Center im L\u00dcBECK-TRAVEM\u00dcNDER GOLF-KLUB<\/h2>\n\n\t\t<style type=\"text\/css\">\n\t\t\t#gallery-1 {\n\t\t\t\tmargin: auto;\n\t\t\t}\n\t\t\t#gallery-1 .gallery-item {\n\t\t\t\tfloat: left;\n\t\t\t\tmargin-top: 10px;\n\t\t\t\ttext-align: center;\n\t\t\t\twidth: 33%;\n\t\t\t}\n\t\t\t#gallery-1 img {\n\t\t\t\tborder: 2px solid #cfcfcf;\n\t\t\t}\n\t\t\t#gallery-1 .gallery-caption {\n\t\t\t\tmargin-left: 0;\n\t\t\t}\n\t\t\t\/* see gallery_shortcode() in wp-includes\/media.php *\/\n\t\t<\/style>\n\t\t<div id='gallery-1' class='gallery galleryid-572 gallery-columns-3 gallery-size-thumbnail'><dl class='gallery-item'>\n\t\t\t<dt class='gallery-icon landscape'>\n\t\t\t\t<a href='https:\/\/ltgk.de\/en\/wp-content\/uploads\/2023\/10\/werkstatt-2.jpg'><img loading=\"lazy\" decoding=\"async\" width=\"300\" height=\"300\" src=\"https:\/\/ltgk.de\/en\/wp-content\/uploads\/2023\/10\/werkstatt-2-300x300.jpg\" class=\"attachment-thumbnail size-thumbnail\" alt=\"\" \/><\/a>\n\t\t\t<\/dt><\/dl><dl class='gallery-item'>\n\t\t\t<dt class='gallery-icon landscape'>\n\t\t\t\t<a href='https:\/\/ltgk.de\/en\/wp-content\/uploads\/2023\/10\/werkstatt-1.jpg'><img loading=\"lazy\" decoding=\"async\" width=\"300\" height=\"300\" src=\"https:\/\/ltgk.de\/en\/wp-content\/uploads\/2023\/10\/werkstatt-1-300x300.jpg\" class=\"attachment-thumbnail size-thumbnail\" alt=\"\" \/><\/a>\n\t\t\t<\/dt><\/dl>\n\t\t\t<br style='clear: both' \/>\n\t\t<\/div>\n\n<p><img loading=\"lazy\" decoding=\"async\" class=\"alignnone size-full wp-image-663\" src=\"https:\/\/ltgk.de\/en\/wp-content\/uploads\/2023\/10\/fleiss-talent.jpg\" alt=\"\" width=\"600\" height=\"263\" \/><\/p>\n<p>Unser Golf Fitting Center bietet professionelles Schl\u00e4ger-Fitting und \u2013Optimierung f\u00fcr die Golfer-Gemeinschaft an. Sie profitieren vom Service, dem Wissen und der Erfahrung, die bisher nur professionellen Golfern in Kombination mit der neuesten Ausr\u00fcstung zugutekamen.<\/p>\n<p>Aufgabe des Golf Fitting Center ist, f\u00fcr Sie die beste Ausr\u00fcstung zu finden, um unabh\u00e4ngig von Ihrem Handicap Ihr Spielpotential zu optimieren. Ihre aktuellen Golfschl\u00e4ger werden \u00fcberpr\u00fcft und, wenn erforderlich, zu Ihrem Vorteil ver\u00e4ndert, um Ihr Spiel zu verbessern.<\/p>\n<p>\u00dcberzeugen Sie sich selbst an Hand <a href=\"https:\/\/ltgk.de\/en\/wp-content\/uploads\/2023\/10\/club-fitting-programm.pdf\" target=\"_blank\" rel=\"noopener\">des Programms<\/a>, das Ihnen die Einzelheiten des Club-Fitting n\u00e4herbringt.<\/p>\n<p>Buchungen im Proshop unter Telefon 04502-73975<\/p>\n","protected":false},"excerpt":{"rendered":"<p>SMG Golf Fitting Center im L\u00dcBECK-TRAVEM\u00dcNDER GOLF-KLUB Unser Golf Fitting Center bietet [&hellip;]<\/p>\n","protected":false},"author":2,"featured_media":0,"parent":0,"menu_order":20,"comment_status":"closed","ping_status":"closed","template":"","meta":{"_acf_changed":false,"footnotes":""},"class_list":["post-572","page","type-page","status-publish","hentry"],"acf":[],"_links":{"self":[{"href":"https:\/\/ltgk.de\/en\/wp-json\/wp\/v2\/pages\/572","targetHints":{"allow":["GET"]}}],"collection":[{"href":"https:\/\/ltgk.de\/en\/wp-json\/wp\/v2\/pages"}],"about":[{"href":"https:\/\/ltgk.de\/en\/wp-json\/wp\/v2\/types\/page"}],"author":[{"embeddable":true,"href":"https:\/\/ltgk.de\/en\/wp-json\/wp\/v2\/users\/2"}],"replies":[{"embeddable":true,"href":"https:\/\/ltgk.de\/en\/wp-json\/wp\/v2\/comments?post=572"}],"version-history":[{"count":6,"href":"https:\/\/ltgk.de\/en\/wp-json\/wp\/v2\/pages\/572\/revisions"}],"predecessor-version":[{"id":668,"href":"https:\/\/ltgk.de\/en\/wp-json\/wp\/v2\/pages\/572\/revisions\/668"}],"wp:attachment":[{"href":"https:\/\/ltgk.de\/en\/wp-json\/wp\/v2\/media?parent=572"}],"curies":[{"name":"wp","href":"https:\/\/api.w.org\/{rel}","templated":true}]}}